{"id":128,"date":"2011-10-11T11:15:59","date_gmt":"2011-10-11T11:15:59","guid":{"rendered":"http:\/\/graenaorkan.is.w7.nethonnun.is\/?page_id=128"},"modified":"2011-11-10T10:52:17","modified_gmt":"2011-11-10T10:52:17","slug":"saga","status":"publish","type":"page","link":"https:\/\/graenaorkan.is\/?page_id=128","title":{"rendered":"Saga"},"content":{"rendered":"<div id=\"attachment_68\" style=\"width: 157px\" class=\"wp-caption alignright\"><img aria-describedby=\"caption-attachment-68\" decoding=\"async\" loading=\"lazy\" class=\"size-medium wp-image-68 \" title=\"Orkuskipti r\u00e1\u00f0herra fhj\u00fapar merki\" src=\"https:\/\/graenaorkan.is.w7.nethonnun.is\/wp-content\/uploads\/2011\/09\/Orkuskipti-r\u00e1\u00f0herra-fhj\u00fapar-merki2-300x200.jpg\" alt=\"\" width=\"147\" height=\"98\" srcset=\"https:\/\/graenaorkan.is\/wp-content\/uploads\/2011\/09\/Orkuskipti-r\u00e1\u00f0herra-fhj\u00fapar-merki2-300x200.jpg 300w, https:\/\/graenaorkan.is\/wp-content\/uploads\/2011\/09\/Orkuskipti-r\u00e1\u00f0herra-fhj\u00fapar-merki2-1024x683.jpg 1024w, https:\/\/graenaorkan.is\/wp-content\/uploads\/2011\/09\/Orkuskipti-r\u00e1\u00f0herra-fhj\u00fapar-merki2-299x200.jpg 299w, https:\/\/graenaorkan.is\/wp-content\/uploads\/2011\/09\/Orkuskipti-r\u00e1\u00f0herra-fhj\u00fapar-merki2.jpg 1769w\" sizes=\"(max-width: 147px) 100vw, 147px\" \/><p id=\"caption-attachment-68\" class=\"wp-caption-text\">r\u00e1\u00f0herra afhj\u00fapar merki Gr\u00e6nu orkunar<\/p><\/div>\n<p>Um mitt \u00e1r 2010 stofna\u00f0i i\u00f0na\u00f0arr\u00e1\u00f0herra, Katr\u00edn J\u00fal\u00edusd\u00f3ttir, til verkefnisins Gr\u00e6na orkan &#8211; vistorka \u00ed samg\u00f6ngum. Tilgangurinn var fyrst og fremst s\u00e1 a\u00f0 hefja markvissa stefnum\u00f3tun um orkuskipti \u00ed samg\u00f6ngum \u00e1 \u00cdslandi. \u00cdsland haf\u00f0i \u00fe\u00e1 \u00feegar undirgengist \u00e1kve\u00f0nar skuldbindingar \u00ed Evr\u00f3pu var\u00f0andi auki\u00f0 hlutfall endurn\u00fdjanlegra orkugjafa \u00ed samg\u00f6ngum auk \u00feess sem uppi voru hugmyndir var\u00f0andi sl\u00edk markmi\u00f0 h\u00e9r innanlands. Upphafleg verkefnisstj\u00f3rn, sem fyrst og fremst var skipu\u00f0 fulltr\u00faum \u00far stj\u00f3rns\u00fdslunni, haf\u00f0i \u00fea\u00f0 hlutverk a\u00f0 samr\u00e6ma r\u00f6dd stj\u00f3rns\u00fdslunnar og m\u00f3ta grunn\u00e1herslu sem Gr\u00e6na orkan skildi standa fyrir. \u00deings\u00e1lyktun sem sam\u00feykkt varsamhlj\u00f3\u00f0a \u00e1 Al\u00feingi \u00e1 vorm\u00e1nu\u00f0um 2011 er s\u00e1 grunnur sem starfa\u00f0 hefur veri\u00f0 eftir. Jafnframt vann s\u00fa verkefnisstj\u00f3rn a\u00f0 \u00fev\u00ed a\u00f0 kalla saman alla hagsmuna\u00f0ila me\u00f0 opnum fundum og til var\u00f0 jafnframt vefsv\u00e6\u00f0i undir vef i\u00f0na\u00f0arr\u00e1\u00f0uneytis \u00fear sem fyrstu uppl\u00fdsingar birtust.<\/p>\n<p>Vori\u00f0 2011 taldi r\u00e1\u00f0herra r\u00e9tt a\u00f0 v\u00edkka \u00fat verkefnisstj\u00f3rnina og f\u00e1 sk\u00fdrari a\u00f0komu einkageirans, me\u00f0al annars \u00ed \u00fev\u00ed skyni a\u00f0 b\u00e6ta samhlj\u00f3min milli stj\u00f3rns\u00fdslu og atvinnul\u00edfsins auk \u00feess sem komin var t\u00edmi til a\u00f0 m\u00f3ta sk\u00fdra stefnu \u00cdslands og setja af sta\u00f0 nau\u00f0synleg verkefni sem gera myndu \u00cdslandi kleift a\u00f0 standa vi\u00f0 \u00feau markmi\u00f0 sem sett voru. N\u00fd verkefnisstj\u00f3rn var skipu\u00f0 \u00e1 vorm\u00e1nu\u00f0um en h\u00f3f starf sitt af fullum krafti a\u00f0 loknum sumarleyfum. Haldin hefur veri\u00f0 opin stefnum\u00f3tunarfundur hagsmuna\u00f0ila \u00fear sem l\u00f6g\u00f0 var \u00e1hersla \u00e1 a\u00f0 sj\u00f3narmi\u00f0 sem flestra k\u00e6mu upp\u00e1 yfirbor\u00f0i\u00f0 og a\u00f0 s\u00fa stefnum\u00f3tun sem verkefnisstj\u00f3rn myndi skila af s\u00e9r, t\u00e6ki tillit til allra \u00feeirra \u00f3l\u00edku hagsmuna sem tengjast verkefninu. Samhli\u00f0a hefur verkefnisstj\u00f3rnin unni\u00f0 a\u00f0 \u00fdmsum hagn\u00fdtum vi\u00f0fangsefnum eins og sj\u00e1lfst\u00e6\u00f0i vefsv\u00e6\u00f0ins sem var\u00f0 a\u00f0 veruleika \u00ed n\u00f3vember, till\u00f6guger\u00f0 vegna fj\u00e1rlaga fyrir \u00e1ri\u00f0 2012 sem sty\u00f0ja orkuskiptin me\u00f0 tilteknum \u00edvilnunum og ekki s\u00edst a\u00f0 m\u00f3ta t\u00edmaramma \u00e1 \u00fea\u00f0 hversu lengi sl\u00edkar \u00edvilnanir g\u00e6tu sta\u00f0i\u00f0 og \u00fear me\u00f0 gera marka\u00f0num kleift a\u00f0 m\u00f3ta s\u00ednar a\u00f0ger\u00f0ir og fj\u00e1rfestingar.<\/p>\n","protected":false},"excerpt":{"rendered":"<p>Um mitt \u00e1r 2010 stofna\u00f0i i\u00f0na\u00f0arr\u00e1\u00f0herra, Katr\u00edn J\u00fal\u00edusd\u00f3ttir, til verkefnisins Gr\u00e6na orkan &#8211; vistorka \u00ed samg\u00f6ngum. Tilgangurinn var fyrst og fremst s\u00e1 a\u00f0 hefja markvissa stefnum\u00f3tun um orkuskipti \u00ed samg\u00f6ngum \u00e1 \u00cdslandi. \u00cdsland haf\u00f0i \u00fe\u00e1 \u00feegar undirgengist \u00e1kve\u00f0nar skuldbindingar \u00ed &hellip; <a href=\"https:\/\/graenaorkan.is\/?page_id=128\">Continue reading <span class=\"meta-nav\">&rarr;<\/span><\/a><\/p>\n","protected":false},"author":1,"featured_media":0,"parent":124,"menu_order":0,"comment_status":"open","ping_status":"open","template":"","meta":[],"_links":{"self":[{"href":"https:\/\/graenaorkan.is\/index.php?rest_route=\/wp\/v2\/pages\/128"}],"collection":[{"href":"https:\/\/graenaorkan.is\/index.php?rest_route=\/wp\/v2\/pages"}],"about":[{"href":"https:\/\/graenaorkan.is\/index.php?rest_route=\/wp\/v2\/types\/page"}],"author":[{"embeddable":true,"href":"https:\/\/graenaorkan.is\/index.php?rest_route=\/wp\/v2\/users\/1"}],"replies":[{"embeddable":true,"href":"https:\/\/graenaorkan.is\/index.php?rest_route=%2Fwp%2Fv2%2Fcomments&post=128"}],"version-history":[{"count":6,"href":"https:\/\/graenaorkan.is\/index.php?rest_route=\/wp\/v2\/pages\/128\/revisions"}],"predecessor-version":[{"id":284,"href":"https:\/\/graenaorkan.is\/index.php?rest_route=\/wp\/v2\/pages\/128\/revisions\/284"}],"up":[{"embeddable":true,"href":"https:\/\/graenaorkan.is\/index.php?rest_route=\/wp\/v2\/pages\/124"}],"wp:attachment":[{"href":"https:\/\/graenaorkan.is\/index.php?rest_route=%2Fwp%2Fv2%2Fmedia&parent=128"}],"curies":[{"name":"wp","href":"https:\/\/api.w.org\/{rel}","templated":true}]}}