{"id":131,"date":"2011-10-11T11:17:09","date_gmt":"2011-10-11T11:17:09","guid":{"rendered":"http:\/\/graenaorkan.is.w7.nethonnun.is\/?page_id=131"},"modified":"2025-06-16T09:23:16","modified_gmt":"2025-06-16T09:23:16","slug":"verkefnisstjorn","status":"publish","type":"page","link":"https:\/\/graenaorkan.is\/?page_id=131","title":{"rendered":"Stj\u00f3rn samstarfsvettvangsins"},"content":{"rendered":"<h2>N\u00faverandi stj\u00f3rn (2025) Gr\u00e6nu orkunnar er skipu\u00f0 eftirfarandi a\u00f0ilum<\/h2>\n<div>\n<p><strong>Fyrir h\u00f6nd hins opinbera:<\/strong><\/p>\n<p>Hrefna Hallgr\u00edmsd\u00f3ttir, Innvi\u00f0ar\u00e1\u00f0uneyti<\/p>\n<p>Erla Sigr\u00ed\u00f0ur Gestsd\u00f3ttir, Umhverfis- orku og loftslagsr\u00e1\u00f0uneyti<\/p>\n<p>Helga Bar\u00f0ad\u00f3ttir, Umhverfis- orku og loftslagsr\u00e1\u00f0uneyti<\/p>\n<p>Kristinn Bjarnason, Fj\u00e1rm\u00e1la- og efnahagsr\u00e1\u00f0uneyti<\/p>\n<p><strong>Fyrir h\u00f6nd atvinnul\u00edfsins:<\/strong><\/p>\n<p>\u00c1g\u00fasta S. Loftsd\u00f3ttir, EFLU verkfr\u00e6\u00f0istofu<\/p>\n<p>Kolbeinn Finnsson, Ol\u00eds<\/p>\n<p>Gu\u00f0mundur Ingi \u00deorsteinsson, Orkunni<\/p>\n<p>Linda Fanney Valgeirsd\u00f3ttir, Alor<\/p>\n<p><strong>Varamenn:<\/strong><\/p>\n<p>J\u00f3hann Ingi Magn\u00fasson, Orku N\u00e1tt\u00farunnar<\/p>\n<p>\u00cdris Hannah Atlad\u00f3ttir, Samt\u00f6k Verslunnar og \u00fejonustu<\/p>\n<p><strong>Verkefnisstj\u00f3ri<\/strong><\/p>\n<div>\n<p>J\u00f3n Bj\u00f6rn Sk\u00falason og Marianne Ribes, \u00cdslenskri N\u00fdOrku<\/p>\n<\/div>\n<p>\u00cdslensk N\u00fdOrka s\u00e9r um rekstur Gr\u00e6nu orkunnar. Netfang vegna Gr\u00e6nu orkunnar: <a href=\"mailto:ribes@newenergy.is\" target=\"_blank\" rel=\"noopener\">ribes@newenergy.is\u00a0<\/a><\/p>\n<p><a href=\"https:\/\/graenaorkan.is\/wp-content\/uploads\/2021\/03\/Samthykktir-fyrir-GO-22.10.2020-med-breytingum-adalfundar.pdf\">Sam\u00feykktir Gr\u00e6nu orkunnar fr\u00e1 2020<\/a><\/p>\n<\/div>\n<div id=\"pgnav\">\n<div align=\"center\"><a href=\"https:\/\/graenaorkan.is\/wp-content\/uploads\/2022\/04\/image.png\"><img decoding=\"async\" loading=\"lazy\" class=\"wp-image-2252 aligncenter\" src=\"https:\/\/graenaorkan.is\/wp-content\/uploads\/2022\/04\/image.png\" alt=\"\" width=\"479\" height=\"242\" \/><\/a><\/div>\n<\/div>\n","protected":false},"excerpt":{"rendered":"<p>N\u00faverandi stj\u00f3rn (2025) Gr\u00e6nu orkunnar er skipu\u00f0 eftirfarandi a\u00f0ilum Fyrir h\u00f6nd hins opinbera: Hrefna Hallgr\u00edmsd\u00f3ttir, Innvi\u00f0ar\u00e1\u00f0uneyti Erla Sigr\u00ed\u00f0ur Gestsd\u00f3ttir, Umhverfis- orku og loftslagsr\u00e1\u00f0uneyti Helga Bar\u00f0ad\u00f3ttir, Umhverfis- orku og loftslagsr\u00e1\u00f0uneyti Kristinn Bjarnason, Fj\u00e1rm\u00e1la- og efnahagsr\u00e1\u00f0uneyti Fyrir h\u00f6nd atvinnul\u00edfsins: \u00c1g\u00fasta S. Loftsd\u00f3ttir, &hellip; <a href=\"https:\/\/graenaorkan.is\/?page_id=131\">Continue reading <span class=\"meta-nav\">&rarr;<\/span><\/a><\/p>\n","protected":false},"author":1,"featured_media":0,"parent":124,"menu_order":0,"comment_status":"open","ping_status":"open","template":"","meta":[],"_links":{"self":[{"href":"https:\/\/graenaorkan.is\/index.php?rest_route=\/wp\/v2\/pages\/131"}],"collection":[{"href":"https:\/\/graenaorkan.is\/index.php?rest_route=\/wp\/v2\/pages"}],"about":[{"href":"https:\/\/graenaorkan.is\/index.php?rest_route=\/wp\/v2\/types\/page"}],"author":[{"embeddable":true,"href":"https:\/\/graenaorkan.is\/index.php?rest_route=\/wp\/v2\/users\/1"}],"replies":[{"embeddable":true,"href":"https:\/\/graenaorkan.is\/index.php?rest_route=%2Fwp%2Fv2%2Fcomments&post=131"}],"version-history":[{"count":40,"href":"https:\/\/graenaorkan.is\/index.php?rest_route=\/wp\/v2\/pages\/131\/revisions"}],"predecessor-version":[{"id":2611,"href":"https:\/\/graenaorkan.is\/index.php?rest_route=\/wp\/v2\/pages\/131\/revisions\/2611"}],"up":[{"embeddable":true,"href":"https:\/\/graenaorkan.is\/index.php?rest_route=\/wp\/v2\/pages\/124"}],"wp:attachment":[{"href":"https:\/\/graenaorkan.is\/index.php?rest_route=%2Fwp%2Fv2%2Fmedia&parent=131"}],"curies":[{"name":"wp","href":"https:\/\/api.w.org\/{rel}","templated":true}]}}