{"id":133,"date":"2011-10-11T11:19:57","date_gmt":"2011-10-11T11:19:57","guid":{"rendered":"http:\/\/graenaorkan.is.w7.nethonnun.is\/?page_id=133"},"modified":"2020-08-21T08:24:09","modified_gmt":"2020-08-21T08:24:09","slug":"helstu-verkefni","status":"publish","type":"page","link":"https:\/\/graenaorkan.is\/?page_id=133","title":{"rendered":"Helstu verkefni"},"content":{"rendered":"<h2>Helstu verkefni sem unnin hafa veri\u00f0 \u00e1 vettvangi Gr\u00e6nu orkunnar;<\/h2>\n<ul>\n<li>Starfsh\u00f3pur r\u00e1\u00f0uneyta um orkuskipta leita\u00f0i \u00ed j\u00fan\u00ed 2019 til Gr\u00e6nu orkunnar vegna forgangsr\u00f6\u00f0unar fj\u00e1rmagns til orkuskipta fyrir \u00e1ri\u00f0 2020. Afur\u00f0in var<a href=\"https:\/\/www.stjornarradid.is\/library\/01--Frettatengt---myndir-og-skrar\/ANR\/ThKRG\/Till%c3%b6gur%20GO-%20Innvi%c3%b0ir%20til%20orkuskipta_loka%205.2.2020%20(002).pdf\"> umfangsmikil sk\u00fdrsla<\/a> sem reifa\u00f0i till\u00f6gur \u00ed fj\u00f3rum flokkum: f\u00f3lksbifrei\u00f0ar, h\u00f3pbifrei\u00f0ar, hafnir og skip og loks landflutningar og v\u00e9lar. Sk\u00fdrsla starfh\u00f3ps r\u00e1\u00f0uneyta leit dagsins lj\u00f3s \u00ed febr\u00faar 2020 og <a href=\"https:\/\/www.stjornarradid.is\/efst-a-baugi\/frettir\/stok-frett\/2020\/02\/07\/Milljardi-varid-i-fjarfestingar-vegna-innvida-fyrir-orkuskipti-a-tveimur-arum\/\">m\u00e1 finna h\u00e9r<\/a>.<\/li>\n<li>Gr\u00e6na orkan hefur veri\u00f0 virk \u00ed\u00a0ritun \u00e1bendinga og umsagnir \u00ed Samr\u00e1\u00f0sg\u00e1tt stj\u00f3rnvalda. \u00c1bendingar um <a href=\"https:\/\/samradsgatt.island.is\/oll-mal\/$Cases\/Details\/?id=125\">Orkustefnu \u00cdslands<\/a> voru rita\u00f0ar \u00ed febr\u00faar 2019, <a href=\"https:\/\/samradsgatt.island.is\/oll-mal\/$Cases\/Details\/?id=1422\">ums\u00f6gn<\/a> um \u00c1form um frumvarp til laga um breytingu \u00e1 \u00fdmsum l\u00f6gum um skattlagningu \u00f6kut\u00e6kja (\u00cdvilnanir vegna vistv\u00e6nna \u00f6kut\u00e6kja o.fl.) var send \u00ed g\u00e1ttina \u00ed j\u00fal\u00ed 2019. \u00cd desember sama \u00e1r sendi Gr\u00e6na orkan inn ums\u00f6gn um Dr\u00f6g a\u00f0 frumvarpi til laga um breytingu \u00e1 \u00fdmsum laga\u00e1kv\u00e6\u00f0um um skatta (\u00edvilnanir vegna vistv\u00e6nna \u00f6kut\u00e6kja o.fl.). M\u00e1l nr. 272\/2019.<\/li>\n<li><strong><a href=\"http:\/\/www.althingi.is\/altext\/146\/s\/1002.html\" target=\"_blank\" rel=\"noopener\">\u00deings\u00e1lyktun<\/a> um a\u00f0ger\u00f0a\u00e1\u00e6tlun \u00ed orkuskiptum\u00a0<\/strong>sem sam\u00feykkt var \u00e1 Al\u00feingi 31. ma\u00ed 2017 en h\u00fan bygg\u00f0i me\u00f0al annars \u00e1 vinnu Gr\u00e6nu orkunnara\u00f0 a\u00f0ger\u00f0a\u00e1\u00e6tlun um orkuskipti 2016.<\/li>\n<li>\u00a0<strong>\u00c1fangask\u00fdrsla\u00a0Gr\u00e6nu orkunnar var ger\u00f0 opinber \u00ed apr\u00edl 2015.\u00a0<\/strong>\u00cd \u00e1fangask\u00fdrslunni var fari\u00f0 yfir \u00feann \u00e1rangur sem n\u00e1\u00f0st hefur s\u00ed\u00f0an a\u00f0ger\u00f0a\u00e1\u00e6tlun Gr\u00e6nu orkunnar var l\u00f6g\u00f0 fram \u00e1 Al\u00feingi \u00ed lok \u00e1rs 2011. Hana m\u00e1 finna <a style=\"font-weight: 300;\" href=\"http:\/\/www.atvinnuvegaraduneyti.is\/media\/Acrobat\/150413-Graena-orkan---SKYRSLA.pdf\" target=\"_blank\" rel=\"noopener\">h\u00e9r<\/a><span style=\"font-weight: 300;\">.<\/span><\/li>\n<\/ul>\n<ul>\n<li><strong>\u00deings\u00e1lyktunartillaga &#8211; sam\u00feykkt \u00feings\u00e1lyktun \u00ed j\u00fan\u00ed 2011<\/strong>\n<ul>\n<li>Sett var saman \u00feings\u00e1lyktunartillaga sem t\u00f3k \u00e1 \u00feeim helstu vi\u00f0fangsefnum sem sn\u00faa a\u00f0 orkuskiptum \u00ed samg\u00f6ngum og hva\u00f0a st\u00f6\u00f0u \u00cdsland \u00e6tti a\u00f0 skapa s\u00e9r \u00ed al\u00fej\u00f3\u00f0legu umhverfi. Tillagan var l\u00f6g\u00f0 fyrir Al\u00feingi \u00e1 vor\u00feingi 2011 og sam\u00feykkt samhlj\u00f3\u00f0a \u00ed \u00feinginu \u00ed j\u00fan\u00ed 2011.<\/li>\n<li>\u00c1 vor\u00feingi 2011 sam\u00feykkti Al\u00feingi \u00feings\u00e1lyktun um a\u00f0 fela i\u00f0na\u00f0arr\u00e1\u00f0herra a\u00f0 stefna a\u00f0 orkuskiptum \u00ed samg\u00f6ngum<a title=\"\" href=\"#_ftn1\">[1]<\/a>. \u00cd \u00feings\u00e1lyktuninni eru sett fram n\u00edu stefnumi\u00f0 sem l\u00fata me\u00f0al annars a\u00f0 \u00fev\u00ed a\u00f0 hvetja einstaklinga og fyrirt\u00e6ki til orkuskipta t.d. me\u00f0 skatta\u00edvilnunum og hagr\u00e6num hv\u00f6tum. Jafnframt er l\u00f6g\u00f0 mikil \u00e1hersla \u00e1 menntun og fr\u00e6\u00f0slu, n\u00fdsk\u00f6pun og ranns\u00f3knir \u00e1 svi\u00f0i endurn\u00fdjanlegra orkugjafa. Kve\u00f0i\u00f0 er \u00e1 um a\u00f0 skattaumhverfi ver\u00f0i \u00fer\u00f3a\u00f0 \u00e1fram til a\u00f0 \u00fea\u00f0 hvetji b\u00e6\u00f0i neytendur og fyrirt\u00e6ki til orkuskipta \u00ed samg\u00f6ngum og til framlei\u00f0slu endurn\u00fdjanlegra orkugjafa fyrir samg\u00f6ngur.<\/li>\n<\/ul>\n<\/li>\n<\/ul>\n<ul>\n<li><strong>Opin fundur hagsmunaa\u00f0ila &#8211; hva\u00f0 \u00e1 Gr\u00e6na orkan a\u00f0 vera &#8211; klasa samstarf.\u00a0 \u00ed desember 2010<\/strong>\n<ul>\n<li>\u00cd byrjun desember 2010 var bo\u00f0a\u00f0 til fundar allra hagsmuna\u00f0ila me\u00f0 almennri kynningu og augl\u00fdsingu. \u00c1 fundinn m\u00e6ttu yfir 50 manns \u00fear sem me\u00f0al annars GEKON kynnti hugmyndafr\u00e6\u00f0i klasasamstarfs og \u00fea\u00f0 starf sem \u00feau hafa unni\u00f0 vi\u00f0 m\u00f3tun jar\u00f0varmaklasa \u00e1 \u00cdslandi. Jafnframt f\u00f3ru fram umr\u00e6\u00f0ur \u00ed h\u00f3pum um st\u00f6\u00f0u orkuskipta \u00e1 \u00cdslandi, skilgreiningu \u00e1 hlutverki hins opinbera vs. einkageirans o.s.frv. Ni\u00f0urst\u00f6\u00f0ur \u00feessa fundar hafa s\u00ed\u00f0an n\u00fdst verkefnisstj\u00f3rn vi\u00f0 m\u00f3tun framt\u00ed\u00f0ars\u00fdnar Gr\u00e6nu orkunar<\/li>\n<\/ul>\n<\/li>\n<\/ul>\n<ul>\n<li><strong>Sk\u00fdrsla vegna hagkv\u00e6mnigreiningar \u00f3l\u00edkra orkugjafa \u00e1 \u00cdslandi &#8211; unnin af RHA<\/strong>\n<ul>\n<li>Unnin var a\u00f0 frumkv\u00e6\u00f0i verkefnisstj\u00f3rnar Gr\u00e6nu orkunar, sk\u00fdrsla um \u00fej\u00f3\u00f0hagslegt mat orkuskipta fyrir f\u00f3lksb\u00edla \u00e1 \u00cdslandi. Sk\u00fdrslan var unnin af Ranns\u00f3kna- og \u00fer\u00f3unarmi\u00f0st\u00f6\u00f0 H\u00e1sk\u00f3lans \u00e1 Akureyri. Helstu ni\u00f0urst\u00f6\u00f0ur hennar voru \u00fe\u00e6r a\u00f0 n\u00faverandi t\u00e6kni hef\u00f0i enn \u00e1kve\u00f0i\u00f0 forskot vegna kostna\u00f0ar og \u00fev\u00ed nokku\u00f0 \u00ed samkeppnish\u00e6fni n\u00fdorku \u00fat fr\u00e1 kostna\u00f0arsj\u00f3narmi\u00f0um<\/li>\n<\/ul>\n<\/li>\n<\/ul>\n<ul>\n<li><strong>Stu\u00f0ningur og till\u00f6gur vegna breytinga \u00e1 l\u00f6gum um innflutningsgj\u00f6ld af bifrei\u00f0um og eldsneyti<\/strong>\n<ul>\n<li>Verkefnisstj\u00f3rn veitti \u00e1lit sitt og var fj\u00e1rm\u00e1lar\u00e1\u00f0uneyti innan handar vi\u00f0 ger\u00f0 frumvarps um breytingar \u00e1 l\u00f6gum um innflutningsgj\u00f6ld<\/li>\n<\/ul>\n<\/li>\n<\/ul>\n<ul>\n<li><strong>N\u00fdtt vefsv\u00e6\u00f0i Gr\u00e6nu orkunar<\/strong>\n<ul>\n<li>Unni\u00f0 hefur veri\u00f0 a\u00f0 uppsetningu \u00e1 sj\u00e1lfst\u00e6\u00f0um vef Gr\u00e6nu orkunar og tilf\u00e6rslu uppl\u00fdsinga af vefsv\u00e6\u00f0i i\u00f0na\u00f0ar\u00e1\u00f0uneytis. Vef Gr\u00e6nu orkunar er \u00e6tla\u00f0 a\u00f0 vera sameiginlegur uppl\u00fdsingavettvangur allra \u00feeirra sem starfa vi\u00f0 e\u00f0a hafa hagsmuni af orkuskiptum \u00ed samg\u00f6ngum \u00e1 \u00cdslandi<\/li>\n<\/ul>\n<\/li>\n<\/ul>\n<ul>\n<li><strong>Kynningarfundir me\u00f0 sveitarf\u00e9l\u00f6gum<\/strong>\n<ul>\n<li>Hafin er fundarr\u00f6\u00f0 me\u00f0 st\u00f3ru sveitarf\u00e9l\u00f6gunum \u00e1 landsv\u00edsu \u00fear sem kynnt er \u00fea\u00f0 starf sem fari\u00f0 hefur fram \u00e1 vegum Gr\u00e6nu orkunar og hvert hlutverk sveitarf\u00e9lagana getur veri\u00f0 \u00ed \u00fev\u00ed a\u00f0 li\u00f0ka fyrir orkuskiptum. Fyrsti fundur var haldin me\u00f0 sveitarf\u00e9l\u00f6gum \u00e1 Austfj\u00f6r\u00f0um og er \u00e6tla\u00f0 a\u00f0 fara hringinn um landi\u00f0 me\u00f0 sl\u00edka fundarr\u00f6\u00f0<\/li>\n<\/ul>\n<\/li>\n<\/ul>\n<ul>\n<li><strong>Opin fundur hagsmunaa\u00f0ila &#8211; stefnum\u00f3tun \u00ed orkuskiptum \u00ed samg\u00f6ngum \u00e1 \u00cdslandi &#8211; \u00ed \u00e1g\u00fast 2011<\/strong>\n<ul>\n<li>\u00cd \u00e1g\u00fast 2011 var aftur bo\u00f0a\u00f0 til fundar hagsmuna\u00f0ila \u00ed orkuskiptum undir yfirskrift stefnum\u00f3tunarinnar. Fari\u00f0 var yfir st\u00f6\u00f0u verkefnisins og s\u00ed\u00f0an unni\u00f0 me\u00f0 \u00fdmis vi\u00f0fangsefni \u00ed minni h\u00f3pum. \u00d3grynni g\u00f3\u00f0ra tillagna og hugmynda skilu\u00f0u s\u00e9r \u00far \u00feeirri vinnu sem n\u00fdst hafa verkefnisstj\u00f3rn \u00ed vinnslu stefnum\u00f3tunarinnar. \u00c1 fundinum voru um 70 a\u00f0ilar \u00far stj\u00f3rns\u00fdslu og einkageiranum<\/li>\n<\/ul>\n<\/li>\n<\/ul>\n<ul>\n<li><strong>Fyrirlestrar og kynningar fyrir f\u00e9lagasamt\u00f6k, kynning \u00e1 orkuskiptum \u00ed fj\u00f6lmi\u00f0lum<\/strong>\n<ul>\n<li>Fulltr\u00faar \u00far verkefnisstj\u00f3rn hafa m\u00e6tt \u00e1 fundi \u00fear sem \u00f3ska\u00f0 hefur veri\u00f0 eftir kynningu \u00e1 starfi Gr\u00e6nu orkunar. Sl\u00edkir fundir hafa veri\u00f0 \u00fdmist \u00e1 vegum Rotary kl\u00fabba, h\u00e1sk\u00f3lanna, sveitarf\u00e9laga o.s.frv. Jafnframt hefur fj\u00f6lmi\u00f0lum veri\u00f0 kynnt \u00fea\u00f0 starf sem fram fer sem me\u00f0al annars skila\u00f0i s\u00e9r \u00ed mj\u00f6g \u00edtarlegri umfj\u00f6llun \u00ed Fr\u00e9ttabla\u00f0inu \u00e1 haustm\u00e1nu\u00f0um 2011<\/li>\n<\/ul>\n<\/li>\n<\/ul>\n<ul>\n<li><strong>Skilgreining \u00e1 hugt\u00f6kum sem tengjast orkuskiptum \u00ed samg\u00f6ngum<\/strong>\n<ul>\n<li>T\u00f6luver\u00f0 vinna hefur veri\u00f0 l\u00f6g\u00f0 \u00ed skilgreingu \u00e1 \u00feeim helstu hugt\u00f6kum sem notast er vi\u00f0 \u00ed tengslum vi\u00f0 orkuskipti \u00ed samg\u00f6ngum. Tilgangurinn er fyrst og fremst a\u00f0 minnka fl\u00e6kjustig og gera stj\u00f3rns\u00fdslunni au\u00f0veldara a\u00f0 vinna me\u00f0 skilgreiningu \u00f3l\u00edkra orkugjafa og t\u00e6knilausna. \u00deessar skilgreiningar eru m.a. nota\u00f0ar til grundvallar \u00feegar till\u00f6gur a\u00f0 \u00edvilnunum eru lag\u00f0ar fyrir Al\u00feingi<\/li>\n<\/ul>\n<\/li>\n<\/ul>\n<ul>\n<li><strong>Till\u00f6guger\u00f0 vegna \u00edvilnana \u00ed tengslum vi\u00f0 orkuskipti \u00ed samg\u00f6ngum vegna fj\u00e1rlaga 2012<\/strong>\n<ul>\n<li>Verkefnisstj\u00f3rn hefur unni\u00f0 a\u00f0 ger\u00f0 tillagna fyrir r\u00e1\u00f0herra var\u00f0andi \u00edvilnanir \u00ed skattkerfi til \u00feess a\u00f0 li\u00f0ka fyrir orkuskiptum. B\u00e6\u00f0i er um a\u00f0 r\u00e6\u00f0a till\u00f6gur um hva\u00f0 skuli gert og ekki s\u00ed\u00f0ur a\u00f0 s\u00e1tt n\u00e1ist \u00e1 p\u00f3lit\u00edskum grunni um hversu lengi s\u00e9rstakar \u00edvilnanir munu gilda \u00ed tengslum vi\u00f0 orkuskipti \u00ed samg\u00f6ngum. \u00deessar till\u00f6gur munu ver\u00f0a lag\u00f0ar fyrir Al\u00feingi \u00e1 haustm\u00e1nu\u00f0um 2011<\/li>\n<\/ul>\n<\/li>\n<\/ul>\n<ul>\n<li><strong>Sk\u00fdrsla &#8220;Stefnum\u00f3tun \u00ed orkuskiptum \u00ed samg\u00f6ngum&#8221;<\/strong>\n<ul>\n<li>yfirlit st\u00f6\u00f0u orkuskipta<\/li>\n<li>framt\u00ed\u00f0ars\u00fdn<\/li>\n<li>a\u00f0ger\u00f0a\u00e1\u00e6tlun<\/li>\n<\/ul>\n<\/li>\n<\/ul>\n<ul>\n<li><strong>Framt\u00ed\u00f0arrekstur Gr\u00e6nu orkunar<\/strong>\n<ul>\n<li>Unni\u00f0 hefur veri\u00f0 a\u00f0 m\u00f3tun framt\u00ed\u00f0arrekstar Gr\u00e6nu orkunar \u00fear sem n\u00faverandi verkefnisstj\u00f3rn l\u00edkur st\u00f6rfum me\u00f0 \u00fatg\u00e1fu sk\u00fdrslu um stefnum\u00f3tun \u00ed orkuskiptum. \u00cd sk\u00fdrslunni eru \u00fatlista\u00f0ar \u00fe\u00e6r hugmyndir.<\/li>\n<\/ul>\n<\/li>\n<\/ul>\n<div>\n<p>&nbsp;<\/p>\n<hr align=\"left\" size=\"1\" width=\"33%\" \/>\n<div>\n<p><a title=\"\" href=\"#_ftnref1\">[1]<\/a> \u00deings\u00e1lyktun um orkuskipti \u00ed samg\u00f6ngum. http:\/\/www.althingi.is\/altext\/139\/s\/1658.html<\/p>\n<\/div>\n<\/div>\n<p>&nbsp;<\/p>\n","protected":false},"excerpt":{"rendered":"<p>Helstu verkefni sem unnin hafa veri\u00f0 \u00e1 vettvangi Gr\u00e6nu orkunnar; Starfsh\u00f3pur r\u00e1\u00f0uneyta um orkuskipta leita\u00f0i \u00ed j\u00fan\u00ed 2019 til Gr\u00e6nu orkunnar vegna forgangsr\u00f6\u00f0unar fj\u00e1rmagns til orkuskipta fyrir \u00e1ri\u00f0 2020. Afur\u00f0in var umfangsmikil sk\u00fdrsla sem reifa\u00f0i till\u00f6gur \u00ed fj\u00f3rum flokkum: f\u00f3lksbifrei\u00f0ar, &hellip; <a href=\"https:\/\/graenaorkan.is\/?page_id=133\">Continue reading <span class=\"meta-nav\">&rarr;<\/span><\/a><\/p>\n","protected":false},"author":1,"featured_media":0,"parent":124,"menu_order":0,"comment_status":"open","ping_status":"open","template":"","meta":[],"_links":{"self":[{"href":"https:\/\/graenaorkan.is\/index.php?rest_route=\/wp\/v2\/pages\/133"}],"collection":[{"href":"https:\/\/graenaorkan.is\/index.php?rest_route=\/wp\/v2\/pages"}],"about":[{"href":"https:\/\/graenaorkan.is\/index.php?rest_route=\/wp\/v2\/types\/page"}],"author":[{"embeddable":true,"href":"https:\/\/graenaorkan.is\/index.php?rest_route=\/wp\/v2\/users\/1"}],"replies":[{"embeddable":true,"href":"https:\/\/graenaorkan.is\/index.php?rest_route=%2Fwp%2Fv2%2Fcomments&post=133"}],"version-history":[{"count":13,"href":"https:\/\/graenaorkan.is\/index.php?rest_route=\/wp\/v2\/pages\/133\/revisions"}],"predecessor-version":[{"id":2044,"href":"https:\/\/graenaorkan.is\/index.php?rest_route=\/wp\/v2\/pages\/133\/revisions\/2044"}],"up":[{"embeddable":true,"href":"https:\/\/graenaorkan.is\/index.php?rest_route=\/wp\/v2\/pages\/124"}],"wp:attachment":[{"href":"https:\/\/graenaorkan.is\/index.php?rest_route=%2Fwp%2Fv2%2Fmedia&parent=133"}],"curies":[{"name":"wp","href":"https:\/\/api.w.org\/{rel}","templated":true}]}}