{"id":1825,"date":"2019-01-14T14:17:18","date_gmt":"2019-01-14T14:17:18","guid":{"rendered":"http:\/\/graenaorkan.is\/?page_id=1825"},"modified":"2019-06-06T09:03:25","modified_gmt":"2019-06-06T09:03:25","slug":"umsagnir-go-sendar-i-samradsgatt","status":"publish","type":"page","link":"https:\/\/graenaorkan.is\/?page_id=1825","title":{"rendered":"Umsagnir GO sendar \u00ed Samr\u00e1\u00f0sg\u00e1tt"},"content":{"rendered":"<p>H\u00e9r mun ver\u00f0a birtar umsagnir sem Gr\u00e6na orkan, samstarfsvettvangur um orkuskipti, sendir inn \u00ed <a href=\"https:\/\/samradsgatt.island.is\/oll-mal\">Samr\u00e1\u00f0sg\u00e1tt Stj\u00f3rnarr\u00e1\u00f0sins<\/a>.<\/p>\n<p>Gr\u00e6na orkan sendi inn ums\u00f6gn um 1. \u00fatg\u00e1fu A\u00f0ger\u00f0a\u00e1\u00e6tlunar \u00ed loftslagsm\u00e1lum 14. n\u00f3vember 2018. Hana m\u00e1 finna <a href=\"https:\/\/graenaorkan.is\/wp-content\/uploads\/2019\/01\/20181114-Ums\u00f6gn-Gr\u00e6nu-orkunnar-um-S-124-2018.pdf\">h\u00e9r<\/a>.<\/p>\n<p>\u00cd febr\u00faar 2019 sendi Gr\u00e6na orkan ums\u00f6gn um <a href=\"https:\/\/samradsgatt.island.is\/oll-mal\/$Cases\/Details\/?id=125\">Orkustefnu 1. \u00e1fanga<\/a>. <a href=\"https:\/\/graenaorkan.is\/wp-content\/uploads\/2019\/06\/Orkustefna-\u00cdslands-\u00e1bendingar-fr\u00e1-Gr\u00e6nu-Orkunni-15feb2019.pdf\">Hana m\u00e1 n\u00e1lgast h\u00e9r<\/a>.<\/p>\n","protected":false},"excerpt":{"rendered":"<p>H\u00e9r mun ver\u00f0a birtar umsagnir sem Gr\u00e6na orkan, samstarfsvettvangur um orkuskipti, sendir inn \u00ed Samr\u00e1\u00f0sg\u00e1tt Stj\u00f3rnarr\u00e1\u00f0sins. Gr\u00e6na orkan sendi inn ums\u00f6gn um 1. \u00fatg\u00e1fu A\u00f0ger\u00f0a\u00e1\u00e6tlunar \u00ed loftslagsm\u00e1lum 14. n\u00f3vember 2018. Hana m\u00e1 finna h\u00e9r. \u00cd febr\u00faar 2019 sendi Gr\u00e6na orkan &hellip; <a href=\"https:\/\/graenaorkan.is\/?page_id=1825\">Continue reading <span class=\"meta-nav\">&rarr;<\/span><\/a><\/p>\n","protected":false},"author":5,"featured_media":0,"parent":124,"menu_order":0,"comment_status":"closed","ping_status":"closed","template":"","meta":[],"_links":{"self":[{"href":"https:\/\/graenaorkan.is\/index.php?rest_route=\/wp\/v2\/pages\/1825"}],"collection":[{"href":"https:\/\/graenaorkan.is\/index.php?rest_route=\/wp\/v2\/pages"}],"about":[{"href":"https:\/\/graenaorkan.is\/index.php?rest_route=\/wp\/v2\/types\/page"}],"author":[{"embeddable":true,"href":"https:\/\/graenaorkan.is\/index.php?rest_route=\/wp\/v2\/users\/5"}],"replies":[{"embeddable":true,"href":"https:\/\/graenaorkan.is\/index.php?rest_route=%2Fwp%2Fv2%2Fcomments&post=1825"}],"version-history":[{"count":3,"href":"https:\/\/graenaorkan.is\/index.php?rest_route=\/wp\/v2\/pages\/1825\/revisions"}],"predecessor-version":[{"id":1913,"href":"https:\/\/graenaorkan.is\/index.php?rest_route=\/wp\/v2\/pages\/1825\/revisions\/1913"}],"up":[{"embeddable":true,"href":"https:\/\/graenaorkan.is\/index.php?rest_route=\/wp\/v2\/pages\/124"}],"wp:attachment":[{"href":"https:\/\/graenaorkan.is\/index.php?rest_route=%2Fwp%2Fv2%2Fmedia&parent=1825"}],"curies":[{"name":"wp","href":"https:\/\/api.w.org\/{rel}","templated":true}]}}