{"id":2129,"date":"2021-03-17T10:19:45","date_gmt":"2021-03-17T10:19:45","guid":{"rendered":"http:\/\/graenaorkan.is\/?page_id=2129"},"modified":"2023-12-06T09:38:38","modified_gmt":"2023-12-06T09:38:38","slug":"fundargerdir-stjornar","status":"publish","type":"page","link":"https:\/\/graenaorkan.is\/?page_id=2129","title":{"rendered":"Fundarger\u00f0ir stj\u00f3rnar"},"content":{"rendered":"\n<p>H\u00e9r m\u00e1 finna hlekki fyrir fundarger\u00f0ir stj\u00f3rnar Gr\u00e6nu orkunnar, Samstarfsvettvangs um orkuskipti.<\/p>\n\n\n\n<p>Fundur 19. september 2023<\/p>\n\n\n\n<div class=\"wp-block-file\"><object class=\"wp-block-file__embed\" data=\"https:\/\/graenaorkan.is\/wp-content\/uploads\/2023\/12\/2023-MoMsStjornarfundur-GO-19sept2023L.pdf\" type=\"application\/pdf\" style=\"width:100%;height:350px\" aria-label=\"Embed of 2023-MoMsStjornarfundur-GO-19sept2023L.\"><\/object><a id=\"wp-block-file--media-b944834e-2fdc-4e40-908e-6a9da9abf942\" href=\"https:\/\/graenaorkan.is\/wp-content\/uploads\/2023\/12\/2023-MoMsStjornarfundur-GO-19sept2023L.pdf\">2023-MoMsStjornarfundur-GO-19sept2023L<\/a><a href=\"https:\/\/graenaorkan.is\/wp-content\/uploads\/2023\/12\/2023-MoMsStjornarfundur-GO-19sept2023L.pdf\" class=\"wp-block-file__button wp-element-button\" download aria-describedby=\"wp-block-file--media-b944834e-2fdc-4e40-908e-6a9da9abf942\">Download<\/a><\/div>\n\n\n\n<p>Fundur 20. j\u00fan\u00ed 2023<\/p>\n\n\n\n<div class=\"wp-block-file\"><object class=\"wp-block-file__embed\" data=\"https:\/\/graenaorkan.is\/wp-content\/uploads\/2023\/12\/2023-MoMsStjornarfundur-GO-20juni2023.pdf\" type=\"application\/pdf\" style=\"width:100%;height:380px\" aria-label=\"Embed of 2023-MoMsStjornarfundur-GO-20juni2023.\"><\/object><a id=\"wp-block-file--media-da0dd404-a787-41f1-a10e-c63fce21e6ca\" href=\"https:\/\/graenaorkan.is\/wp-content\/uploads\/2023\/12\/2023-MoMsStjornarfundur-GO-20juni2023.pdf\">2023-MoMsStjornarfundur-GO-20juni2023<\/a><a href=\"https:\/\/graenaorkan.is\/wp-content\/uploads\/2023\/12\/2023-MoMsStjornarfundur-GO-20juni2023.pdf\" class=\"wp-block-file__button wp-element-button\" download aria-describedby=\"wp-block-file--media-da0dd404-a787-41f1-a10e-c63fce21e6ca\">Download<\/a><\/div>\n\n\n\n<p>Fundur 18. apr\u00edl 2023<\/p>\n\n\n\n<div class=\"wp-block-file\"><object class=\"wp-block-file__embed\" data=\"https:\/\/graenaorkan.is\/wp-content\/uploads\/2023\/09\/2023-MoMsStjornarfundur-GO-18april2023.pdf\" type=\"application\/pdf\" style=\"width:100%;height:340px\" aria-label=\"Embed of 2023-MoMsStjornarfundur-GO-18april2023.\"><\/object><a id=\"wp-block-file--media-201894ef-5fda-4343-bfd5-2c0f8b6e5d0c\" href=\"https:\/\/graenaorkan.is\/wp-content\/uploads\/2023\/09\/2023-MoMsStjornarfundur-GO-18april2023.pdf\">2023-MoMsStjornarfundur-GO-18april2023<\/a><a href=\"https:\/\/graenaorkan.is\/wp-content\/uploads\/2023\/09\/2023-MoMsStjornarfundur-GO-18april2023.pdf\" class=\"wp-block-file__button wp-element-button\" download aria-describedby=\"wp-block-file--media-201894ef-5fda-4343-bfd5-2c0f8b6e5d0c\">Download<\/a><\/div>\n\n\n\n<p>Fundur 21. mars 2023<\/p>\n\n\n\n<div class=\"wp-block-file\"><object class=\"wp-block-file__embed\" data=\"https:\/\/graenaorkan.is\/wp-content\/uploads\/2023\/09\/2023-MoMsStjornarfundur-GO-21mars2023.pdf\" type=\"application\/pdf\" style=\"width:100%;height:330px\" aria-label=\"Embed of 2023-MoMsStjornarfundur-GO-21mars2023.\"><\/object><a id=\"wp-block-file--media-ae99d59b-f3cb-4a4f-ab4f-850db2097c78\" href=\"https:\/\/graenaorkan.is\/wp-content\/uploads\/2023\/09\/2023-MoMsStjornarfundur-GO-21mars2023.pdf\">2023-MoMsStjornarfundur-GO-21mars2023<\/a><a href=\"https:\/\/graenaorkan.is\/wp-content\/uploads\/2023\/09\/2023-MoMsStjornarfundur-GO-21mars2023.pdf\" class=\"wp-block-file__button wp-element-button\" download aria-describedby=\"wp-block-file--media-ae99d59b-f3cb-4a4f-ab4f-850db2097c78\">Download<\/a><\/div>\n\n\n\n<p>Fundur 15. febr\u00faar 2023<\/p>\n\n\n\n<div class=\"wp-block-file\"><object class=\"wp-block-file__embed\" data=\"https:\/\/graenaorkan.is\/wp-content\/uploads\/2023\/09\/2023-MoMsStjornarfundur-GO-15feb2023.pdf\" type=\"application\/pdf\" style=\"width:100%;height:330px\" aria-label=\"Embed of 2023-MoMsStjornarfundur-GO-15feb2023.\"><\/object><a id=\"wp-block-file--media-f0b5b053-6441-411a-8cd3-126d6e942dd0\" href=\"https:\/\/graenaorkan.is\/wp-content\/uploads\/2023\/09\/2023-MoMsStjornarfundur-GO-15feb2023.pdf\">2023-MoMsStjornarfundur-GO-15feb2023<\/a><a href=\"https:\/\/graenaorkan.is\/wp-content\/uploads\/2023\/09\/2023-MoMsStjornarfundur-GO-15feb2023.pdf\" class=\"wp-block-file__button wp-element-button\" download aria-describedby=\"wp-block-file--media-f0b5b053-6441-411a-8cd3-126d6e942dd0\">Download<\/a><\/div>\n\n\n\n<p>Fundur 17. jan\u00faar 2023<\/p>\n\n\n\n<div class=\"wp-block-file\"><object class=\"wp-block-file__embed\" data=\"https:\/\/graenaorkan.is\/wp-content\/uploads\/2023\/09\/2023-MoMsStjornarfundur-GO-17jan2023L.pdf\" type=\"application\/pdf\" style=\"width:100%;height:350px\" aria-label=\"Embed of 2023-MoMsStjornarfundur-GO-17jan2023L.\"><\/object><a id=\"wp-block-file--media-8f2720bb-23cd-42a0-b097-181c0ab9faf2\" href=\"https:\/\/graenaorkan.is\/wp-content\/uploads\/2023\/09\/2023-MoMsStjornarfundur-GO-17jan2023L.pdf\">2023-MoMsStjornarfundur-GO-17jan2023L<\/a><a href=\"https:\/\/graenaorkan.is\/wp-content\/uploads\/2023\/09\/2023-MoMsStjornarfundur-GO-17jan2023L.pdf\" class=\"wp-block-file__button wp-element-button\" download aria-describedby=\"wp-block-file--media-8f2720bb-23cd-42a0-b097-181c0ab9faf2\">Download<\/a><\/div>\n\n\n\n<p>Fundur 17. n\u00f3vember 2022<\/p>\n\n\n\n<div class=\"wp-block-file\"><object class=\"wp-block-file__embed\" data=\"https:\/\/graenaorkan.is\/wp-content\/uploads\/2023\/09\/2022-MoMsStjornarfundur-GO-17nov2022.pdf\" type=\"application\/pdf\" style=\"width:100%;height:340px\" aria-label=\"Embed of 2022-MoMsStjornarfundur-GO-17nov2022.\"><\/object><a id=\"wp-block-file--media-6ba9b602-3861-4e11-b989-776c8e1f328b\" href=\"https:\/\/graenaorkan.is\/wp-content\/uploads\/2023\/09\/2022-MoMsStjornarfundur-GO-17nov2022.pdf\">2022-MoMsStjornarfundur-GO-17nov2022<\/a><a href=\"https:\/\/graenaorkan.is\/wp-content\/uploads\/2023\/09\/2022-MoMsStjornarfundur-GO-17nov2022.pdf\" class=\"wp-block-file__button wp-element-button\" download aria-describedby=\"wp-block-file--media-6ba9b602-3861-4e11-b989-776c8e1f328b\">Download<\/a><\/div>\n\n\n\n<p>Fundur 17. okt\u00f3ber 2022<\/p>\n\n\n\n<div class=\"wp-block-file\"><object class=\"wp-block-file__embed\" data=\"https:\/\/graenaorkan.is\/wp-content\/uploads\/2023\/09\/2022-MoMsStjornarfundur-GO-17okt2022.pdf\" type=\"application\/pdf\" style=\"width:100%;height:300px\" aria-label=\"Embed of 2022-MoMsStjornarfundur-GO-17okt2022.\"><\/object><a id=\"wp-block-file--media-df308ad0-92b1-4094-b738-efceab7d0797\" href=\"https:\/\/graenaorkan.is\/wp-content\/uploads\/2023\/09\/2022-MoMsStjornarfundur-GO-17okt2022.pdf\">2022-MoMsStjornarfundur-GO-17okt2022<\/a><a href=\"https:\/\/graenaorkan.is\/wp-content\/uploads\/2023\/09\/2022-MoMsStjornarfundur-GO-17okt2022.pdf\" class=\"wp-block-file__button wp-element-button\" download aria-describedby=\"wp-block-file--media-df308ad0-92b1-4094-b738-efceab7d0797\">Download<\/a><\/div>\n\n\n\n<p>Fundur 19. september 2022<\/p>\n\n\n\n<div class=\"wp-block-file\"><object class=\"wp-block-file__embed\" data=\"https:\/\/graenaorkan.is\/wp-content\/uploads\/2023\/09\/2022-MoMsStjornarfundur-GO-19sept2022L.pdf\" type=\"application\/pdf\" style=\"width:100%;height:300px\" aria-label=\"Embed of 2022-MoMsStjornarfundur-GO-19sept2022L.\"><\/object><a id=\"wp-block-file--media-68d25add-abe1-4a29-a64f-68d9015ec942\" href=\"https:\/\/graenaorkan.is\/wp-content\/uploads\/2023\/09\/2022-MoMsStjornarfundur-GO-19sept2022L.pdf\">2022-MoMsStjornarfundur-GO-19sept2022L<\/a><a href=\"https:\/\/graenaorkan.is\/wp-content\/uploads\/2023\/09\/2022-MoMsStjornarfundur-GO-19sept2022L.pdf\" class=\"wp-block-file__button wp-element-button\" download aria-describedby=\"wp-block-file--media-68d25add-abe1-4a29-a64f-68d9015ec942\">Download<\/a><\/div>\n\n\n\n<p><\/p>\n\n\n\n<p>Fundur 17. \u00e1g\u00fast 2022<\/p>\n\n\n\n<div class=\"wp-block-file\"><object class=\"wp-block-file__embed\" data=\"https:\/\/graenaorkan.is\/wp-content\/uploads\/2023\/09\/2022-MoMsStjornarfundur-GO-17agust2022L.pdf\" type=\"application\/pdf\" style=\"width:100%;height:340px\" aria-label=\"Embed of 2022-MoMsStjornarfundur-GO-17agust2022L.\"><\/object><a id=\"wp-block-file--media-c2354c22-e348-43af-b42d-cc4480620ff1\" href=\"https:\/\/graenaorkan.is\/wp-content\/uploads\/2023\/09\/2022-MoMsStjornarfundur-GO-17agust2022L.pdf\">2022-MoMsStjornarfundur-GO-17agust2022L<\/a><a href=\"https:\/\/graenaorkan.is\/wp-content\/uploads\/2023\/09\/2022-MoMsStjornarfundur-GO-17agust2022L.pdf\" class=\"wp-block-file__button wp-element-button\" download aria-describedby=\"wp-block-file--media-c2354c22-e348-43af-b42d-cc4480620ff1\">Download<\/a><\/div>\n\n\n\n<p>Fundur 22. mars 2022<\/p>\n\n\n\n<div class=\"wp-block-file\"><object class=\"wp-block-file__embed\" data=\"https:\/\/graenaorkan.is\/wp-content\/uploads\/2023\/09\/2022-MoMsStjornarfundur-GO-22mars2022L.pdf\" type=\"application\/pdf\" style=\"width:100%;height:320px\" aria-label=\"Embed of 2022-MoMsStjornarfundur-GO-22mars2022L.\"><\/object><a id=\"wp-block-file--media-1c6fd245-67ae-4c3c-a176-01158e1b8bea\" href=\"https:\/\/graenaorkan.is\/wp-content\/uploads\/2023\/09\/2022-MoMsStjornarfundur-GO-22mars2022L.pdf\">2022-MoMsStjornarfundur-GO-22mars2022L<\/a><a href=\"https:\/\/graenaorkan.is\/wp-content\/uploads\/2023\/09\/2022-MoMsStjornarfundur-GO-22mars2022L.pdf\" class=\"wp-block-file__button wp-element-button\" download aria-describedby=\"wp-block-file--media-1c6fd245-67ae-4c3c-a176-01158e1b8bea\">Download<\/a><\/div>\n\n\n\n<p>Fundur 17. febr\u00faar 2022<\/p>\n\n\n\n<div class=\"wp-block-file\"><object class=\"wp-block-file__embed\" data=\"https:\/\/graenaorkan.is\/wp-content\/uploads\/2023\/09\/2022-MoMsStjornarfundur-GO-17februar2022.pdf\" type=\"application\/pdf\" style=\"width:100%;height:360px\" aria-label=\"Embed of 2022-MoMsStjornarfundur-GO-17februar2022.\"><\/object><a id=\"wp-block-file--media-2979217b-491d-4b65-a10d-621f15d31834\" href=\"https:\/\/graenaorkan.is\/wp-content\/uploads\/2023\/09\/2022-MoMsStjornarfundur-GO-17februar2022.pdf\">2022-MoMsStjornarfundur-GO-17februar2022<\/a><a href=\"https:\/\/graenaorkan.is\/wp-content\/uploads\/2023\/09\/2022-MoMsStjornarfundur-GO-17februar2022.pdf\" class=\"wp-block-file__button wp-element-button\" download aria-describedby=\"wp-block-file--media-2979217b-491d-4b65-a10d-621f15d31834\">Download<\/a><\/div>\n\n\n\n<p>Fundur 2. n\u00f3vember 2021<\/p>\n\n\n\n<div class=\"wp-block-file\"><object class=\"wp-block-file__embed\" data=\"https:\/\/graenaorkan.is\/wp-content\/uploads\/2022\/01\/2021-MoMsStjornarfundur-GO-2november2021LOK.pdf\" type=\"application\/pdf\" style=\"width:100%;height:400px\" aria-label=\"Embed of 2021-MoMsStjornarfundur-GO-2november2021LOK.\"><\/object><a id=\"wp-block-file--media-64067857-3633-4064-9986-3fe32bbf6f78\" href=\"https:\/\/graenaorkan.is\/wp-content\/uploads\/2022\/01\/2021-MoMsStjornarfundur-GO-2november2021LOK.pdf\">2021-MoMsStjornarfundur-GO-2november2021LOK<\/a><a href=\"https:\/\/graenaorkan.is\/wp-content\/uploads\/2022\/01\/2021-MoMsStjornarfundur-GO-2november2021LOK.pdf\" class=\"wp-block-file__button wp-element-button\" download aria-describedby=\"wp-block-file--media-64067857-3633-4064-9986-3fe32bbf6f78\">Download<\/a><\/div>\n\n\n\n<p>Fundur 23. september 2021<\/p>\n\n\n\n<div class=\"wp-block-file\"><object class=\"wp-block-file__embed\" data=\"https:\/\/graenaorkan.is\/wp-content\/uploads\/2022\/01\/2021-MoMsStjornarfundur-GO-23september2021LOK.pdf\" type=\"application\/pdf\" style=\"width:100%;height:400px\" aria-label=\"Embed of 2021-MoMsStjornarfundur-GO-23september2021LOK.\"><\/object><a id=\"wp-block-file--media-71106673-34e0-4e07-b7ca-655961f26955\" href=\"https:\/\/graenaorkan.is\/wp-content\/uploads\/2022\/01\/2021-MoMsStjornarfundur-GO-23september2021LOK.pdf\">2021-MoMsStjornarfundur-GO-23september2021LOK<\/a><a href=\"https:\/\/graenaorkan.is\/wp-content\/uploads\/2022\/01\/2021-MoMsStjornarfundur-GO-23september2021LOK.pdf\" class=\"wp-block-file__button wp-element-button\" download aria-describedby=\"wp-block-file--media-71106673-34e0-4e07-b7ca-655961f26955\">Download<\/a><\/div>\n\n\n\n<p>Fundur 19. \u00e1g\u00fast 2021<\/p>\n\n\n\n<div class=\"wp-block-file\"><object class=\"wp-block-file__embed\" data=\"https:\/\/graenaorkan.is\/wp-content\/uploads\/2022\/01\/2021-MoMsStjornarfundur-GO-19agust2021.pdf\" type=\"application\/pdf\" style=\"width:100%;height:400px\" aria-label=\"Embed of 2021-MoMsStjornarfundur-GO-19agust2021.\"><\/object><a id=\"wp-block-file--media-b55392a9-956d-4510-b217-24bab67dc1ab\" href=\"https:\/\/graenaorkan.is\/wp-content\/uploads\/2022\/01\/2021-MoMsStjornarfundur-GO-19agust2021.pdf\">2021-MoMsStjornarfundur-GO-19agust2021<\/a><a href=\"https:\/\/graenaorkan.is\/wp-content\/uploads\/2022\/01\/2021-MoMsStjornarfundur-GO-19agust2021.pdf\" class=\"wp-block-file__button wp-element-button\" download aria-describedby=\"wp-block-file--media-b55392a9-956d-4510-b217-24bab67dc1ab\">Download<\/a><\/div>\n\n\n\n<p>Fundur 19. ma\u00ed 2021<\/p>\n\n\n\n<div class=\"wp-block-file\"><object class=\"wp-block-file__embed\" data=\"https:\/\/graenaorkan.is\/wp-content\/uploads\/2022\/01\/2021-MoMsStjornarfundur-GO-19mai2021.pdf\" type=\"application\/pdf\" style=\"width:100%;height:400px\" aria-label=\"Embed of 2021-MoMsStjornarfundur-GO-19mai2021.\"><\/object><a id=\"wp-block-file--media-e08c39bb-3cd8-4c29-9925-10670037ae99\" href=\"https:\/\/graenaorkan.is\/?attachment_id=2226\" target=\"_blank\" rel=\"noreferrer noopener\">2021-MoMsStjornarfundur-GO-19mai2021<\/a><a href=\"https:\/\/graenaorkan.is\/wp-content\/uploads\/2022\/01\/2021-MoMsStjornarfundur-GO-19mai2021.pdf\" class=\"wp-block-file__button wp-element-button\" download aria-describedby=\"wp-block-file--media-e08c39bb-3cd8-4c29-9925-10670037ae99\">Download<\/a><\/div>\n\n\n\n<p>Fundur 21. apr\u00edl 2021<\/p>\n\n\n\n<div class=\"wp-block-file\"><a id=\"wp-block-file--media-2d4b081a-e464-4d1b-af7b-9192875647dc\" href=\"https:\/\/graenaorkan.is\/wp-content\/uploads\/2021\/06\/2021-MoMsStjornarfundur-GO-21april2021.pdf\">2021-MoMsStjornarfundur-GO-21april2021<\/a><a href=\"https:\/\/graenaorkan.is\/wp-content\/uploads\/2021\/06\/2021-MoMsStjornarfundur-GO-21april2021.pdf\" class=\"wp-block-file__button wp-element-button\" download aria-describedby=\"wp-block-file--media-2d4b081a-e464-4d1b-af7b-9192875647dc\">Download<\/a><\/div>\n\n\n\n<p>Fundur 23. mars 2021<\/p>\n\n\n\n<div class=\"wp-block-file\"><a id=\"wp-block-file--media-f272a558-a781-4269-b52f-d14059f927d2\" href=\"https:\/\/graenaorkan.is\/wp-content\/uploads\/2021\/06\/2021-MoMsStjornarfundur-GO-23mars2021.pdf\">2021-MoMsStjornarfundur-GO-23mars2021<\/a><a href=\"https:\/\/graenaorkan.is\/wp-content\/uploads\/2021\/06\/2021-MoMsStjornarfundur-GO-23mars2021.pdf\" class=\"wp-block-file__button wp-element-button\" download aria-describedby=\"wp-block-file--media-f272a558-a781-4269-b52f-d14059f927d2\">Download<\/a><\/div>\n\n\n\n<p>Fundur 17. febr\u00faar 2021 <\/p>\n\n\n\n<div class=\"wp-block-file\"><a id=\"wp-block-file--media-db8aacc8-a1ac-4022-8397-5f2613882bb1\" href=\"https:\/\/graenaorkan.is\/wp-content\/uploads\/2021\/03\/2020-MoMsStjornarfundur-GO-17februar2021-1.pdf\">2020-MoMsStjornarfundur-GO-17februar2021-1<\/a><a href=\"https:\/\/graenaorkan.is\/wp-content\/uploads\/2021\/03\/2020-MoMsStjornarfundur-GO-17februar2021-1.pdf\" class=\"wp-block-file__button wp-element-button\" download aria-describedby=\"wp-block-file--media-db8aacc8-a1ac-4022-8397-5f2613882bb1\">Download<\/a><\/div>\n\n\n\n<p>Fundur 14. jan\u00faar 2021<\/p>\n\n\n\n<div class=\"wp-block-file\"><a id=\"wp-block-file--media-f752744d-8743-4154-bbd3-d8aa3ec6d345\" href=\"https:\/\/graenaorkan.is\/wp-content\/uploads\/2021\/03\/2020-MoMsStjornarfundur-GO-14januar2021v2.pdf\">2020-MoMsStjornarfundur-GO-14januar2021v2<\/a><a href=\"https:\/\/graenaorkan.is\/wp-content\/uploads\/2021\/03\/2020-MoMsStjornarfundur-GO-14januar2021v2.pdf\" class=\"wp-block-file__button wp-element-button\" download aria-describedby=\"wp-block-file--media-f752744d-8743-4154-bbd3-d8aa3ec6d345\">Download<\/a><\/div>\n\n\n\n<p>Fundur 4. desember 2020<\/p>\n\n\n\n<div class=\"wp-block-file\"><a id=\"wp-block-file--media-121d0291-f6f8-47d3-86a9-d794f7a15726\" href=\"https:\/\/graenaorkan.is\/wp-content\/uploads\/2021\/03\/2020-MoMsStjornarfundur-GO-4desember2020.pdf\">2020-MoMsStjornarfundur-GO-4desember2020<\/a><a href=\"https:\/\/graenaorkan.is\/wp-content\/uploads\/2021\/03\/2020-MoMsStjornarfundur-GO-4desember2020.pdf\" class=\"wp-block-file__button wp-element-button\" download aria-describedby=\"wp-block-file--media-121d0291-f6f8-47d3-86a9-d794f7a15726\">Download<\/a><\/div>\n","protected":false},"excerpt":{"rendered":"<p>H\u00e9r m\u00e1 finna hlekki fyrir fundarger\u00f0ir stj\u00f3rnar Gr\u00e6nu orkunnar, Samstarfsvettvangs um orkuskipti. Fundur 19. september 2023 Fundur 20. j\u00fan\u00ed 2023 Fundur 18. apr\u00edl 2023 Fundur 21. mars 2023 Fundur 15. febr\u00faar 2023 Fundur 17. jan\u00faar 2023 Fundur 17. n\u00f3vember 2022 &hellip; <a href=\"https:\/\/graenaorkan.is\/?page_id=2129\">Continue reading <span class=\"meta-nav\">&rarr;<\/span><\/a><\/p>\n","protected":false},"author":5,"featured_media":0,"parent":124,"menu_order":0,"comment_status":"closed","ping_status":"closed","template":"","meta":[],"_links":{"self":[{"href":"https:\/\/graenaorkan.is\/index.php?rest_route=\/wp\/v2\/pages\/2129"}],"collection":[{"href":"https:\/\/graenaorkan.is\/index.php?rest_route=\/wp\/v2\/pages"}],"about":[{"href":"https:\/\/graenaorkan.is\/index.php?rest_route=\/wp\/v2\/types\/page"}],"author":[{"embeddable":true,"href":"https:\/\/graenaorkan.is\/index.php?rest_route=\/wp\/v2\/users\/5"}],"replies":[{"embeddable":true,"href":"https:\/\/graenaorkan.is\/index.php?rest_route=%2Fwp%2Fv2%2Fcomments&post=2129"}],"version-history":[{"count":6,"href":"https:\/\/graenaorkan.is\/index.php?rest_route=\/wp\/v2\/pages\/2129\/revisions"}],"predecessor-version":[{"id":2481,"href":"https:\/\/graenaorkan.is\/index.php?rest_route=\/wp\/v2\/pages\/2129\/revisions\/2481"}],"up":[{"embeddable":true,"href":"https:\/\/graenaorkan.is\/index.php?rest_route=\/wp\/v2\/pages\/124"}],"wp:attachment":[{"href":"https:\/\/graenaorkan.is\/index.php?rest_route=%2Fwp%2Fv2%2Fmedia&parent=2129"}],"curies":[{"name":"wp","href":"https:\/\/api.w.org\/{rel}","templated":true}]}}