{"id":2378,"date":"2023-05-25T11:03:50","date_gmt":"2023-05-25T11:03:50","guid":{"rendered":"https:\/\/graenaorkan.is\/?page_id=2378"},"modified":"2023-05-25T11:03:50","modified_gmt":"2023-05-25T11:03:50","slug":"arsskyrslur-graenu-orkunnar","status":"publish","type":"page","link":"https:\/\/graenaorkan.is\/?page_id=2378","title":{"rendered":"\u00c1rssk\u00fdrslur Gr\u00e6nu orkunnar"},"content":{"rendered":"\n<div class=\"wp-block-file\"><object class=\"wp-block-file__embed\" data=\"https:\/\/graenaorkan.is\/wp-content\/uploads\/2023\/05\/Skyrsla-stjornar-Graenu-orkunnar-2022-2023.pdf\" type=\"application\/pdf\" style=\"width:100%;height:600px\" aria-label=\"Embed of Skyrsla-stjornar-Graenu-orkunnar-2022-2023.\"><\/object><a id=\"wp-block-file--media-301cab01-d220-4e78-9e25-883c3f8d52c7\" href=\"https:\/\/graenaorkan.is\/wp-content\/uploads\/2023\/05\/Skyrsla-stjornar-Graenu-orkunnar-2022-2023.pdf\">Skyrsla-stjornar-Graenu-orkunnar-2022-2023<\/a><a href=\"https:\/\/graenaorkan.is\/wp-content\/uploads\/2023\/05\/Skyrsla-stjornar-Graenu-orkunnar-2022-2023.pdf\" class=\"wp-block-file__button wp-element-button\" download aria-describedby=\"wp-block-file--media-301cab01-d220-4e78-9e25-883c3f8d52c7\">Download<\/a><\/div>\n","protected":false},"excerpt":{"rendered":"","protected":false},"author":5,"featured_media":0,"parent":124,"menu_order":0,"comment_status":"closed","ping_status":"closed","template":"","meta":[],"_links":{"self":[{"href":"https:\/\/graenaorkan.is\/index.php?rest_route=\/wp\/v2\/pages\/2378"}],"collection":[{"href":"https:\/\/graenaorkan.is\/index.php?rest_route=\/wp\/v2\/pages"}],"about":[{"href":"https:\/\/graenaorkan.is\/index.php?rest_route=\/wp\/v2\/types\/page"}],"author":[{"embeddable":true,"href":"https:\/\/graenaorkan.is\/index.php?rest_route=\/wp\/v2\/users\/5"}],"replies":[{"embeddable":true,"href":"https:\/\/graenaorkan.is\/index.php?rest_route=%2Fwp%2Fv2%2Fcomments&post=2378"}],"version-history":[{"count":1,"href":"https:\/\/graenaorkan.is\/index.php?rest_route=\/wp\/v2\/pages\/2378\/revisions"}],"predecessor-version":[{"id":2380,"href":"https:\/\/graenaorkan.is\/index.php?rest_route=\/wp\/v2\/pages\/2378\/revisions\/2380"}],"up":[{"embeddable":true,"href":"https:\/\/graenaorkan.is\/index.php?rest_route=\/wp\/v2\/pages\/124"}],"wp:attachment":[{"href":"https:\/\/graenaorkan.is\/index.php?rest_route=%2Fwp%2Fv2%2Fmedia&parent=2378"}],"curies":[{"name":"wp","href":"https:\/\/api.w.org\/{rel}","templated":true}]}}